{"id":994,"date":"2025-10-09T01:54:20","date_gmt":"2025-10-09T01:54:20","guid":{"rendered":"https:\/\/redmundialdeescritores.com\/?page_id=994"},"modified":"2025-10-09T01:58:04","modified_gmt":"2025-10-09T01:58:04","slug":"cervantes-teregonzalez","status":"publish","type":"page","link":"https:\/\/redmundialdeescritores.com\/index.php\/cervantes-teregonzalez\/","title":{"rendered":"Cervantes-Tere Gonzalez"},"content":{"rendered":"\t\t<div data-elementor-type=\"wp-page\" data-elementor-id=\"994\" class=\"elementor elementor-994\" data-elementor-post-type=\"page\">\n\t\t\t\t\t\t<section class=\"elementor-section elementor-top-section elementor-element elementor-element-1f2aef29 elementor-section-stretched elementor-section-boxed elementor-section-height-default elementor-section-height-default\" data-id=\"1f2aef29\" data-element_type=\"section\" data-e-type=\"section\" data-settings=\"{&quot;stretch_section&quot;:&quot;section-stretched&quot;,&quot;background_background&quot;:&quot;classic&quot;}\">\n\t\t\t\t\t\t<div class=\"elementor-container elementor-column-gap-default\">\n\t\t\t\t\t<div class=\"elementor-column elementor-col-33 elementor-top-column elementor-element elementor-element-33a82af\" data-id=\"33a82af\" data-element_type=\"column\" data-e-type=\"column\">\n\t\t\t<div class=\"elementor-widget-wrap elementor-element-populated\">\n\t\t\t\t\t\t<div class=\"elementor-element elementor-element-48be7a92 elementor-widget elementor-widget-image\" data-id=\"48be7a92\" data-element_type=\"widget\" data-e-type=\"widget\" data-widget_type=\"image.default\">\n\t\t\t\t<div class=\"elementor-widget-container\">\n\t\t\t\t\t\t\t\t\t\t\t\t\t\t\t\t<a href=\"https:\/\/redmundialdeescritores.com\/\">\n\t\t\t\t\t\t\t<img fetchpriority=\"high\" decoding=\"async\" width=\"300\" height=\"300\" src=\"https:\/\/redmundialdeescritores.com\/wp-content\/uploads\/2024\/04\/logo-RMDE-3-300x300.png\" class=\"attachment-medium size-medium wp-image-334\" alt=\"\" srcset=\"https:\/\/redmundialdeescritores.com\/wp-content\/uploads\/2024\/04\/logo-RMDE-3-300x300.png 300w, https:\/\/redmundialdeescritores.com\/wp-content\/uploads\/2024\/04\/logo-RMDE-3-1024x1024.png 1024w, https:\/\/redmundialdeescritores.com\/wp-content\/uploads\/2024\/04\/logo-RMDE-3-150x150.png 150w, https:\/\/redmundialdeescritores.com\/wp-content\/uploads\/2024\/04\/logo-RMDE-3-768x768.png 768w, https:\/\/redmundialdeescritores.com\/wp-content\/uploads\/2024\/04\/logo-RMDE-3-100x100.png 100w, https:\/\/redmundialdeescritores.com\/wp-content\/uploads\/2024\/04\/logo-RMDE-3.png 1240w\" sizes=\"100vw\" \/>\t\t\t\t\t\t\t\t<\/a>\n\t\t\t\t\t\t\t\t\t\t\t\t\t\t\t<\/div>\n\t\t\t\t<\/div>\n\t\t\t\t\t<\/div>\n\t\t<\/div>\n\t\t\t\t<div class=\"elementor-column elementor-col-33 elementor-top-column elementor-element elementor-element-5455d6b6\" data-id=\"5455d6b6\" data-element_type=\"column\" data-e-type=\"column\">\n\t\t\t<div class=\"elementor-widget-wrap elementor-element-populated\">\n\t\t\t\t\t\t<div class=\"elementor-element elementor-element-215be3bf elementor-widget elementor-widget-heading\" data-id=\"215be3bf\" data-element_type=\"widget\" data-e-type=\"widget\" data-widget_type=\"heading.default\">\n\t\t\t\t<div class=\"elementor-widget-container\">\n\t\t\t\t\t<h2 class=\"elementor-heading-title elementor-size-default\">TERE GONZ\u00c1LEZ<\/h2>\t\t\t\t<\/div>\n\t\t\t\t<\/div>\n\t\t\t\t<div class=\"elementor-element elementor-element-79eb28b6 elementor-widget elementor-widget-heading\" data-id=\"79eb28b6\" data-element_type=\"widget\" data-e-type=\"widget\" data-widget_type=\"heading.default\">\n\t\t\t\t<div class=\"elementor-widget-container\">\n\t\t\t\t\t<h2 class=\"elementor-heading-title elementor-size-default\">miembro\n<br>CERVANTES<\/h2>\t\t\t\t<\/div>\n\t\t\t\t<\/div>\n\t\t\t\t\t<\/div>\n\t\t<\/div>\n\t\t\t\t<div class=\"elementor-column elementor-col-33 elementor-top-column elementor-element elementor-element-2ee68158\" data-id=\"2ee68158\" data-element_type=\"column\" data-e-type=\"column\">\n\t\t\t<div class=\"elementor-widget-wrap elementor-element-populated\">\n\t\t\t\t\t\t<div class=\"elementor-element elementor-element-80ca243 elementor-widget elementor-widget-image\" data-id=\"80ca243\" data-element_type=\"widget\" data-e-type=\"widget\" data-widget_type=\"image.default\">\n\t\t\t\t<div class=\"elementor-widget-container\">\n\t\t\t\t\t\t\t\t\t\t\t\t<figure class=\"wp-caption\">\n\t\t\t\t\t\t\t\t\t\t\t<a href=\"https:\/\/redmundialdeescritores.com\/index.php\/miembros-mexico\/\">\n\t\t\t\t\t\t\t<img decoding=\"async\" width=\"269\" height=\"269\" src=\"https:\/\/redmundialdeescritores.com\/wp-content\/uploads\/2024\/04\/formato-banderas-Mexico.png\" class=\"attachment-medium size-medium wp-image-23\" alt=\"\" srcset=\"https:\/\/redmundialdeescritores.com\/wp-content\/uploads\/2024\/04\/formato-banderas-Mexico.png 269w, https:\/\/redmundialdeescritores.com\/wp-content\/uploads\/2024\/04\/formato-banderas-Mexico-150x150.png 150w\" sizes=\"100vw\" \/>\t\t\t\t\t\t\t\t<\/a>\n\t\t\t\t\t\t\t\t\t\t\t<figcaption class=\"widget-image-caption wp-caption-text\">M\u00c9XICO<\/figcaption>\n\t\t\t\t\t\t\t\t\t\t<\/figure>\n\t\t\t\t\t\t\t\t\t<\/div>\n\t\t\t\t<\/div>\n\t\t\t\t\t<\/div>\n\t\t<\/div>\n\t\t\t\t\t<\/div>\n\t\t<\/section>\n\t\t\t\t<section class=\"elementor-section elementor-top-section elementor-element elementor-element-25e17159 elementor-section-boxed elementor-section-height-default elementor-section-height-default\" data-id=\"25e17159\" data-element_type=\"section\" data-e-type=\"section\">\n\t\t\t\t\t\t<div class=\"elementor-container elementor-column-gap-default\">\n\t\t\t\t\t<div class=\"elementor-column elementor-col-50 elementor-top-column elementor-element elementor-element-20240b13\" data-id=\"20240b13\" data-element_type=\"column\" data-e-type=\"column\">\n\t\t\t<div class=\"elementor-widget-wrap elementor-element-populated\">\n\t\t\t\t\t\t<div class=\"elementor-element elementor-element-62e4c4bb elementor-widget elementor-widget-text-editor\" data-id=\"62e4c4bb\" data-element_type=\"widget\" data-e-type=\"widget\" data-widget_type=\"text-editor.default\">\n\t\t\t\t<div class=\"elementor-widget-container\">\n\t\t\t\t\t\t\t\t\t<h4 class=\"elementor-heading-title elementor-size-default\" style=\"text-align: center;\"><span style=\"color: #553527;\">PRESENTACI\u00d3N PERSONAL<\/span><\/h4><p><span style=\"color: #000000;\"><span style=\"color: #553527;\">Tere es<\/span>&#8230;<\/span><\/p>\t\t\t\t\t\t\t\t<\/div>\n\t\t\t\t<\/div>\n\t\t\t\t\t<\/div>\n\t\t<\/div>\n\t\t\t\t<div class=\"elementor-column elementor-col-50 elementor-top-column elementor-element elementor-element-19780f89\" data-id=\"19780f89\" data-element_type=\"column\" data-e-type=\"column\">\n\t\t\t<div class=\"elementor-widget-wrap elementor-element-populated\">\n\t\t\t\t\t\t<div class=\"elementor-element elementor-element-6471969e elementor-invisible elementor-widget elementor-widget-image\" data-id=\"6471969e\" data-element_type=\"widget\" data-e-type=\"widget\" data-settings=\"{&quot;_animation&quot;:&quot;fadeIn&quot;}\" data-widget_type=\"image.default\">\n\t\t\t\t<div class=\"elementor-widget-container\">\n\t\t\t\t\t\t\t\t\t\t\t\t<figure class=\"wp-caption\">\n\t\t\t\t\t\t\t\t\t\t<img decoding=\"async\" width=\"386\" height=\"406\" src=\"https:\/\/redmundialdeescritores.com\/wp-content\/uploads\/2024\/04\/foto-Raysa-1-1.jpeg\" class=\"elementor-animation-grow attachment-large size-large wp-image-336\" alt=\"\" srcset=\"https:\/\/redmundialdeescritores.com\/wp-content\/uploads\/2024\/04\/foto-Raysa-1-1.jpeg 386w, https:\/\/redmundialdeescritores.com\/wp-content\/uploads\/2024\/04\/foto-Raysa-1-1-285x300.jpeg 285w\" sizes=\"100vw\" \/>\t\t\t\t\t\t\t\t\t\t\t<figcaption class=\"widget-image-caption wp-caption-text\">Tere Gonz\u00e1lez<\/figcaption>\n\t\t\t\t\t\t\t\t\t\t<\/figure>\n\t\t\t\t\t\t\t\t\t<\/div>\n\t\t\t\t<\/div>\n\t\t\t\t\t<\/div>\n\t\t<\/div>\n\t\t\t\t\t<\/div>\n\t\t<\/section>\n\t\t\t\t<section class=\"elementor-section elementor-top-section elementor-element elementor-element-392173b7 elementor-section-stretched elementor-section-boxed elementor-section-height-default elementor-section-height-default\" data-id=\"392173b7\" data-element_type=\"section\" data-e-type=\"section\" data-settings=\"{&quot;stretch_section&quot;:&quot;section-stretched&quot;,&quot;background_background&quot;:&quot;classic&quot;}\">\n\t\t\t\t\t\t<div class=\"elementor-container elementor-column-gap-default\">\n\t\t\t\t\t<div class=\"elementor-column elementor-col-100 elementor-top-column elementor-element elementor-element-59930278\" data-id=\"59930278\" data-element_type=\"column\" data-e-type=\"column\">\n\t\t\t<div class=\"elementor-widget-wrap elementor-element-populated\">\n\t\t\t\t\t\t<div class=\"elementor-element elementor-element-7036b23c elementor-widget elementor-widget-heading\" data-id=\"7036b23c\" data-element_type=\"widget\" data-e-type=\"widget\" data-widget_type=\"heading.default\">\n\t\t\t\t<div class=\"elementor-widget-container\">\n\t\t\t\t\t<h2 class=\"elementor-heading-title elementor-size-default\">ACREDITACI\u00d3N<\/h2>\t\t\t\t<\/div>\n\t\t\t\t<\/div>\n\t\t\t\t\t<\/div>\n\t\t<\/div>\n\t\t\t\t\t<\/div>\n\t\t<\/section>\n\t\t\t\t<section class=\"elementor-section elementor-top-section elementor-element elementor-element-52c8effb elementor-section-boxed elementor-section-height-default elementor-section-height-default\" data-id=\"52c8effb\" data-element_type=\"section\" data-e-type=\"section\">\n\t\t\t\t\t\t<div class=\"elementor-container elementor-column-gap-default\">\n\t\t\t\t\t<div class=\"elementor-column elementor-col-50 elementor-top-column elementor-element elementor-element-57f2353a\" data-id=\"57f2353a\" data-element_type=\"column\" data-e-type=\"column\">\n\t\t\t<div class=\"elementor-widget-wrap elementor-element-populated\">\n\t\t\t\t\t\t<div class=\"elementor-element elementor-element-28b188c5 elementor-widget elementor-widget-image\" data-id=\"28b188c5\" data-element_type=\"widget\" data-e-type=\"widget\" data-widget_type=\"image.default\">\n\t\t\t\t<div class=\"elementor-widget-container\">\n\t\t\t\t\t\t\t\t\t\t\t\t\t\t\t<img loading=\"lazy\" decoding=\"async\" width=\"720\" height=\"540\" src=\"https:\/\/redmundialdeescritores.com\/wp-content\/uploads\/2025\/10\/Diapositiva7.jpeg\" class=\"attachment-full size-full wp-image-998\" alt=\"\" srcset=\"https:\/\/redmundialdeescritores.com\/wp-content\/uploads\/2025\/10\/Diapositiva7.jpeg 720w, https:\/\/redmundialdeescritores.com\/wp-content\/uploads\/2025\/10\/Diapositiva7-300x225.jpeg 300w\" sizes=\"100vw\" \/>\t\t\t\t\t\t\t\t\t\t\t\t\t\t\t<\/div>\n\t\t\t\t<\/div>\n\t\t\t\t\t<\/div>\n\t\t<\/div>\n\t\t\t\t<div class=\"elementor-column elementor-col-50 elementor-top-column elementor-element elementor-element-2d61072a\" data-id=\"2d61072a\" data-element_type=\"column\" data-e-type=\"column\">\n\t\t\t<div class=\"elementor-widget-wrap elementor-element-populated\">\n\t\t\t\t\t\t<div class=\"elementor-element elementor-element-bcf49d6 elementor-widget elementor-widget-image\" data-id=\"bcf49d6\" data-element_type=\"widget\" data-e-type=\"widget\" data-widget_type=\"image.default\">\n\t\t\t\t<div class=\"elementor-widget-container\">\n\t\t\t\t\t\t\t\t\t\t\t\t\t\t\t<img loading=\"lazy\" decoding=\"async\" width=\"525\" height=\"525\" src=\"https:\/\/redmundialdeescritores.com\/wp-content\/uploads\/2025\/10\/Diapositiva7-1.jpeg\" class=\"attachment-large size-large wp-image-999\" alt=\"\" srcset=\"https:\/\/redmundialdeescritores.com\/wp-content\/uploads\/2025\/10\/Diapositiva7-1.jpeg 720w, https:\/\/redmundialdeescritores.com\/wp-content\/uploads\/2025\/10\/Diapositiva7-1-300x300.jpeg 300w, https:\/\/redmundialdeescritores.com\/wp-content\/uploads\/2025\/10\/Diapositiva7-1-150x150.jpeg 150w, https:\/\/redmundialdeescritores.com\/wp-content\/uploads\/2025\/10\/Diapositiva7-1-100x100.jpeg 100w\" sizes=\"100vw\" \/>\t\t\t\t\t\t\t\t\t\t\t\t\t\t\t<\/div>\n\t\t\t\t<\/div>\n\t\t\t\t\t<\/div>\n\t\t<\/div>\n\t\t\t\t\t<\/div>\n\t\t<\/section>\n\t\t\t\t<section class=\"elementor-section elementor-top-section elementor-element elementor-element-e8bc0e2 elementor-section-stretched elementor-section-boxed elementor-section-height-default elementor-section-height-default\" data-id=\"e8bc0e2\" data-element_type=\"section\" data-e-type=\"section\" data-settings=\"{&quot;stretch_section&quot;:&quot;section-stretched&quot;,&quot;background_background&quot;:&quot;classic&quot;}\">\n\t\t\t\t\t\t<div class=\"elementor-container elementor-column-gap-default\">\n\t\t\t\t\t<div class=\"elementor-column elementor-col-100 elementor-top-column elementor-element elementor-element-77c61364\" data-id=\"77c61364\" data-element_type=\"column\" data-e-type=\"column\">\n\t\t\t<div class=\"elementor-widget-wrap elementor-element-populated\">\n\t\t\t\t\t\t<div class=\"elementor-element elementor-element-26cbd1aa elementor-widget elementor-widget-heading\" data-id=\"26cbd1aa\" data-element_type=\"widget\" data-e-type=\"widget\" data-widget_type=\"heading.default\">\n\t\t\t\t<div class=\"elementor-widget-container\">\n\t\t\t\t\t<h2 class=\"elementor-heading-title elementor-size-default\">\u00bfQuieres integrarte a nuestra organizaci\u00f3n?<\/h2>\t\t\t\t<\/div>\n\t\t\t\t<\/div>\n\t\t\t\t\t<\/div>\n\t\t<\/div>\n\t\t\t\t\t<\/div>\n\t\t<\/section>\n\t\t\t\t<section class=\"elementor-section elementor-top-section elementor-element elementor-element-5c8fd35b elementor-section-boxed elementor-section-height-default elementor-section-height-default\" data-id=\"5c8fd35b\" data-element_type=\"section\" data-e-type=\"section\" data-settings=\"{&quot;background_background&quot;:&quot;classic&quot;}\">\n\t\t\t\t\t\t<div class=\"elementor-container elementor-column-gap-default\">\n\t\t\t\t\t<div class=\"elementor-column elementor-col-33 elementor-top-column elementor-element elementor-element-3363c3\" data-id=\"3363c3\" data-element_type=\"column\" data-e-type=\"column\">\n\t\t\t<div class=\"elementor-widget-wrap\">\n\t\t\t\t\t\t\t<\/div>\n\t\t<\/div>\n\t\t\t\t<div class=\"elementor-column elementor-col-33 elementor-top-column elementor-element elementor-element-61ca9c6b\" data-id=\"61ca9c6b\" data-element_type=\"column\" data-e-type=\"column\">\n\t\t\t<div class=\"elementor-widget-wrap elementor-element-populated\">\n\t\t\t\t\t\t<div class=\"elementor-element elementor-element-746bc303 elementor-widget elementor-widget-text-editor\" data-id=\"746bc303\" data-element_type=\"widget\" data-e-type=\"widget\" data-widget_type=\"text-editor.default\">\n\t\t\t\t<div class=\"elementor-widget-container\">\n\t\t\t\t\t\t\t\t\t<p style=\"text-align: center;\"><span style=\"color: #000000;\"><strong>Si deseas formar parte de la organizaci\u00f3n, desde ya te invitamos a unirte a la Red Mundial de Escritores.<\/strong><\/span><\/p><p style=\"text-align: center;\"><span style=\"color: #000000;\"><strong>\u00a0M\u00c1NDANOS UN WHATSAPP<\/strong><\/span><\/p>\t\t\t\t\t\t\t\t<\/div>\n\t\t\t\t<\/div>\n\t\t\t\t\t<\/div>\n\t\t<\/div>\n\t\t\t\t<div class=\"elementor-column elementor-col-33 elementor-top-column elementor-element elementor-element-2da1cf60\" data-id=\"2da1cf60\" data-element_type=\"column\" data-e-type=\"column\">\n\t\t\t<div class=\"elementor-widget-wrap\">\n\t\t\t\t\t\t\t<\/div>\n\t\t<\/div>\n\t\t\t\t\t<\/div>\n\t\t<\/section>\n\t\t\t\t<section class=\"elementor-section elementor-top-section elementor-element elementor-element-1eeaff5e elementor-section-boxed elementor-section-height-default elementor-section-height-default\" data-id=\"1eeaff5e\" data-element_type=\"section\" data-e-type=\"section\">\n\t\t\t\t\t\t<div class=\"elementor-container elementor-column-gap-default\">\n\t\t\t\t\t<div class=\"elementor-column elementor-col-100 elementor-top-column elementor-element elementor-element-2534aaef\" data-id=\"2534aaef\" data-element_type=\"column\" data-e-type=\"column\">\n\t\t\t<div class=\"elementor-widget-wrap elementor-element-populated\">\n\t\t\t\t\t\t<div class=\"elementor-element elementor-element-60bfc067 elementor-align-center elementor-widget elementor-widget-button\" data-id=\"60bfc067\" data-element_type=\"widget\" data-e-type=\"widget\" data-widget_type=\"button.default\">\n\t\t\t\t<div class=\"elementor-widget-container\">\n\t\t\t\t\t\t\t\t\t<div class=\"elementor-button-wrapper\">\n\t\t\t\t\t<a class=\"elementor-button elementor-button-link elementor-size-sm\" href=\"https:\/\/redmundialdeescritores.com\/\">\n\t\t\t\t\t\t<span class=\"elementor-button-content-wrapper\">\n\t\t\t\t\t\t<span class=\"elementor-button-icon\">\n\t\t\t\t<svg aria-hidden=\"true\" class=\"e-font-icon-svg e-fas-hand-point-right\" viewBox=\"0 0 512 512\" xmlns=\"http:\/\/www.w3.org\/2000\/svg\"><path d=\"M512 199.652c0 23.625-20.65 43.826-44.8 43.826h-99.851c16.34 17.048 18.346 49.766-6.299 70.944 14.288 22.829 2.147 53.017-16.45 62.315C353.574 425.878 322.654 448 272 448c-2.746 0-13.276-.203-16-.195-61.971.168-76.894-31.065-123.731-38.315C120.596 407.683 112 397.599 112 385.786V214.261l.002-.001c.011-18.366 10.607-35.889 28.464-43.845 28.886-12.994 95.413-49.038 107.534-77.323 7.797-18.194 21.384-29.084 40-29.092 34.222-.014 57.752 35.098 44.119 66.908-3.583 8.359-8.312 16.67-14.153 24.918H467.2c23.45 0 44.8 20.543 44.8 43.826zM96 200v192c0 13.255-10.745 24-24 24H24c-13.255 0-24-10.745-24-24V200c0-13.255 10.745-24 24-24h48c13.255 0 24 10.745 24 24zM68 368c0-11.046-8.954-20-20-20s-20 8.954-20 20 8.954 20 20 20 20-8.954 20-20z\"><\/path><\/svg>\t\t\t<\/span>\n\t\t\t\t\t\t\t\t\t<span class=\"elementor-button-text\">ir a p\u00e1gina principal -  Red Mundial de Escritores<\/span>\n\t\t\t\t\t<\/span>\n\t\t\t\t\t<\/a>\n\t\t\t\t<\/div>\n\t\t\t\t\t\t\t\t<\/div>\n\t\t\t\t<\/div>\n\t\t\t\t\t<\/div>\n\t\t<\/div>\n\t\t\t\t\t<\/div>\n\t\t<\/section>\n\t\t\t\t<section class=\"elementor-section elementor-top-section elementor-element elementor-element-6b73ad61 elementor-section-boxed elementor-section-height-default elementor-section-height-default\" data-id=\"6b73ad61\" data-element_type=\"section\" data-e-type=\"section\" data-settings=\"{&quot;background_background&quot;:&quot;classic&quot;}\">\n\t\t\t\t\t\t<div class=\"elementor-container elementor-column-gap-default\">\n\t\t\t\t\t<div class=\"elementor-column elementor-col-33 elementor-top-column elementor-element elementor-element-2f4c38d7\" data-id=\"2f4c38d7\" data-element_type=\"column\" data-e-type=\"column\">\n\t\t\t<div class=\"elementor-widget-wrap elementor-element-populated\">\n\t\t\t\t\t\t<div class=\"elementor-element elementor-element-70aad4f2 elementor-widget elementor-widget-text-editor\" data-id=\"70aad4f2\" data-element_type=\"widget\" data-e-type=\"widget\" data-widget_type=\"text-editor.default\">\n\t\t\t\t<div class=\"elementor-widget-container\">\n\t\t\t\t\t\t\t\t\t<p>All Rights Reserved 2025<\/p>\t\t\t\t\t\t\t\t<\/div>\n\t\t\t\t<\/div>\n\t\t\t\t\t<\/div>\n\t\t<\/div>\n\t\t\t\t<div class=\"elementor-column elementor-col-33 elementor-top-column elementor-element elementor-element-770ebef3\" data-id=\"770ebef3\" data-element_type=\"column\" data-e-type=\"column\">\n\t\t\t<div class=\"elementor-widget-wrap elementor-element-populated\">\n\t\t\t\t\t\t<div class=\"elementor-element elementor-element-6ea436eb elementor-widget elementor-widget-text-editor\" data-id=\"6ea436eb\" data-element_type=\"widget\" data-e-type=\"widget\" data-widget_type=\"text-editor.default\">\n\t\t\t\t<div class=\"elementor-widget-container\">\n\t\t\t\t\t\t\t\t\t<p><span style=\"color: #ffffff;\"><a style=\"color: #ffffff;\" href=\"https:\/\/miseventos.online\/tupaginaweb\/\" target=\"_blank\" rel=\"noopener\">Webmaster:<\/a><\/span><\/p>\t\t\t\t\t\t\t\t<\/div>\n\t\t\t\t<\/div>\n\t\t\t\t\t<\/div>\n\t\t<\/div>\n\t\t\t\t<div class=\"elementor-column elementor-col-33 elementor-top-column elementor-element elementor-element-7d3a01cb\" data-id=\"7d3a01cb\" data-element_type=\"column\" data-e-type=\"column\">\n\t\t\t<div class=\"elementor-widget-wrap elementor-element-populated\">\n\t\t\t\t\t\t<div class=\"elementor-element elementor-element-47d6d48e elementor-widget elementor-widget-text-editor\" data-id=\"47d6d48e\" data-element_type=\"widget\" data-e-type=\"widget\" data-widget_type=\"text-editor.default\">\n\t\t\t\t<div class=\"elementor-widget-container\">\n\t\t\t\t\t\t\t\t\t<p><span style=\"color: #ffffff;\"><a style=\"color: #ffffff;\" href=\"https:\/\/miseventos.online\/tupaginaweb\/\" target=\"_blank\" rel=\"noopener\">Dr-. Marco Ontiveros<\/a><\/span><\/p>\t\t\t\t\t\t\t\t<\/div>\n\t\t\t\t<\/div>\n\t\t\t\t\t<\/div>\n\t\t<\/div>\n\t\t\t\t\t<\/div>\n\t\t<\/section>\n\t\t\t\t<\/div>\n\t\t","protected":false},"excerpt":{"rendered":"<p>TERE GONZ\u00c1LEZ miembro CERVANTES M\u00c9XICO PRESENTACI\u00d3N PERSONAL Tere es&#8230; Tere Gonz\u00e1lez ACREDITACI\u00d3N \u00bfQuieres integrarte a nuestra organizaci\u00f3n? Si deseas formar parte de la organizaci\u00f3n, desde ya te invitamos a unirte a la Red Mundial de Escritores. \u00a0M\u00c1NDANOS UN WHATSAPP ir a p\u00e1gina principal &#8211; Red Mundial de Escritores All Rights Reserved 2025 Webmaster: Dr-. Marco &hellip; <\/p>\n<p class=\"link-more\"><a href=\"https:\/\/redmundialdeescritores.com\/index.php\/cervantes-teregonzalez\/\" class=\"more-link\">Continuar leyendo<span class=\"screen-reader-text\"> &#8220;Cervantes-Tere Gonzalez&#8221;<\/span><\/a><\/p>\n","protected":false},"author":1,"featured_media":0,"parent":0,"menu_order":0,"comment_status":"closed","ping_status":"closed","template":"elementor_canvas","meta":{"_joinchat":[],"footnotes":""},"class_list":["post-994","page","type-page","status-publish","hentry"],"_links":{"self":[{"href":"https:\/\/redmundialdeescritores.com\/index.php\/wp-json\/wp\/v2\/pages\/994","targetHints":{"allow":["GET"]}}],"collection":[{"href":"https:\/\/redmundialdeescritores.com\/index.php\/wp-json\/wp\/v2\/pages"}],"about":[{"href":"https:\/\/redmundialdeescritores.com\/index.php\/wp-json\/wp\/v2\/types\/page"}],"author":[{"embeddable":true,"href":"https:\/\/redmundialdeescritores.com\/index.php\/wp-json\/wp\/v2\/users\/1"}],"replies":[{"embeddable":true,"href":"https:\/\/redmundialdeescritores.com\/index.php\/wp-json\/wp\/v2\/comments?post=994"}],"version-history":[{"count":5,"href":"https:\/\/redmundialdeescritores.com\/index.php\/wp-json\/wp\/v2\/pages\/994\/revisions"}],"predecessor-version":[{"id":1002,"href":"https:\/\/redmundialdeescritores.com\/index.php\/wp-json\/wp\/v2\/pages\/994\/revisions\/1002"}],"wp:attachment":[{"href":"https:\/\/redmundialdeescritores.com\/index.php\/wp-json\/wp\/v2\/media?parent=994"}],"curies":[{"name":"wp","href":"https:\/\/api.w.org\/{rel}","templated":true}]}}